{"id":2,"date":"2016-05-10T03:48:21","date_gmt":"2016-05-10T03:48:21","guid":{"rendered":"http:\/\/your-beauty-artist.com\/?page_id=2"},"modified":"2018-10-03T07:42:09","modified_gmt":"2018-10-03T07:42:09","slug":"startseite","status":"publish","type":"page","link":"https:\/\/your-beauty-artist.com\/startseite\/","title":{"rendered":"Startseite"},"content":{"rendered":"<p><span class=\"tve_image_frame\" style=\"width: 100%;\"><a href=\"http:\/\/your-beauty-artist.com\/startseite\"><img loading=\"lazy\" decoding=\"async\" class=\"tve_image wp-image-76\" alt=\"\" width=\"585\" height=\"94\" title=\"engaged! (4)\" data-id=\"76\" src=\"\/\/your-beauty-artist.com\/wp-content\/uploads\/2018\/10\/engaged-4-e1538552464347.png\" style=\"width: 100%;\" srcset=\"https:\/\/your-beauty-artist.com\/wp-content\/uploads\/2018\/10\/engaged-4-e1538552464347.png 585w, https:\/\/your-beauty-artist.com\/wp-content\/uploads\/2018\/10\/engaged-4-e1538552464347-300x48.png 300w\" sizes=\"(max-width: 585px) 100vw, 585px\" \/><\/a><\/span><\/p>\n<h1 data-css=\"tve-u-15fe770490f\"><span data-css=\"tve-u-15fe770d871\" style=\"font-weight: 400; font-family: &quot;Great Vibes&quot;;\"><em class=\"\"><span data-css=\"tve-u-165fdac9290\" style=\"font-size: 55px;\">Ihre Zeit&nbsp;<\/span><\/em><em class=\"\"><span data-css=\"tve-u-15fe7713e63\" style=\"font-size: 54px;\">&nbsp;<\/span><\/em><\/span>ist Luxus &#8211; also nutze Sie f\u00fcr Dinge die dich gl\u00fccklich machen<\/h1>\n<p>Sofort weniger Falten ohne Operation &#8211; Ein Ergebnis das Sie begeistern wird<\/p>\n<p><span class=\"tve_image_frame\" style=\"width: 100%;\"><img loading=\"lazy\" decoding=\"async\" class=\"tve_image wp-image-162\" alt=\"\" width=\"2088\" height=\"2048\" title=\"attraktiv-brunette-dame-413885\" data-id=\"162\" src=\"http:\/\/your-beauty-artist.com\/wp-content\/uploads\/2018\/09\/attraktiv-brunette-dame-413885-e1537561260705.jpg\" style=\"width: 100%;\"><\/span><\/p>\n<p data-css=\"tve-u-15e618c4722\" style=\"text-align: left;\"><span data-css=\"tve-u-165fe02be9e\" style=\"font-family: &quot;Euphoria Script&quot;; font-weight: 400; color: rgb(191, 153, 144); font-size: 29px; letter-spacing: -2px;\">Y<\/span><span data-css=\"tve-u-15e618cd780\" style=\"font-family: Hind; font-weight: 400;\"><span data-css=\"tve-u-165fe04a7e5\" style=\"color: rgb(191, 153, 144);\">our<\/span>&nbsp;Beauty Artist steht f\u00fcr einzigartige Leidenschaft sowie t\u00e4gliche nat\u00fcrliche Sch\u00f6nheit. Eine professionelle Rundum Beratung sind uns genauso wichtig wie die Liebe zum Detail.&nbsp;<\/span><\/p>\n<p data-css=\"tve-u-15e618c4722\" style=\"text-align: left;\"><span data-css=\"tve-u-15e618cd780\" style=\"font-family: Hind; font-weight: 400;\">In der heutigen Zeit, wo Zeit Luxus bedeutet, m\u00f6chten wir Ihnen ein bisschen mehr dieser Zeit schenken und Ihnen erm\u00f6glichen, diese f\u00fcr weitaus sch\u00f6nere Dinge als schminken zu nutzen.&nbsp;<\/span><\/p>\n<ul class=\"tcb-styled-list\">\n<li class=\"thrv-styled-list-item\"><span class=\"thrv-advanced-inline-text tve_editable tcb-styled-list-icon-text tcb-no-delete tcb-no-save\" data-css=\"tve-u-165fe222427\">besonders Kosteng\u00fcnstig<\/span><\/li>\n<li class=\"thrv-styled-list-item\"><span class=\"thrv-advanced-inline-text tve_editable tcb-styled-list-icon-text tcb-no-delete tcb-no-save\">Ohne Skalpell und Narkose<\/span><\/li>\n<li class=\"thrv-styled-list-item\"><span class=\"thrv-advanced-inline-text tve_editable tcb-styled-list-icon-text tcb-no-delete tcb-no-save\">Langanhaltende Wirkung<\/span><\/li>\n<li class=\"thrv-styled-list-item\"><span class=\"thrv-advanced-inline-text tve_editable tcb-styled-list-icon-text tcb-no-delete tcb-no-save\">Keine bzw. kurze Ausfallzeit<\/span><\/li>\n<\/ul>\n<p data-css=\"tve-u-15e618d5c0b\" style=\"text-align: left;\"><span data-css=\"tve-u-15e618d5c0e\" style=\"font-family: Hind; font-weight: 400;\">Informieren Sie sich gleich jetzt \u00fcber unsere Produkte und sichern Sie sich noch heute einen der begehrten Termine.&nbsp;<\/span><\/p>\n<p data-css=\"tve-u-15e618d5c0b\" style=\"text-align: left;\"><span data-css=\"tve-u-15e618d5c0e\" style=\"font-family: Hind; font-weight: 400;\">\u200b<\/span><\/p>\n<h2 style=\"text-align: center;\">Unsere Produkte f\u00fcr <em><span data-css=\"tve-u-164feac0680\" style=\"color: rgb(180, 138, 128);\">Sie<\/span><\/em><\/h2>\n<p data-css=\"tve-u-15e60618ddd\" style=\"text-align: center;\"><span data-css=\"tve-u-15e61a17971\" style=\"font-family: Hind; font-weight: 400;\">Ob f\u00fclligere Augenbraun, den perfekten Lidstrich oder das Entfernen von kleinen Narben oder Falten &#8211; hier bleiben keine deiner W\u00fcnsche offen.<\/span><\/p>\n<p><span class=\"tve_image_frame\" style=\"width: 100%;\"><img loading=\"lazy\" decoding=\"async\" class=\"tve_image wp-image-156\" alt=\"\" title=\"attraktiv-augen-dame-906052\" data-id=\"156\" src=\"http:\/\/your-beauty-artist.com\/wp-content\/uploads\/2018\/09\/attraktiv-augen-dame-906052-e1537561511600.jpg\" width=\"2301\" height=\"2299\" style=\"width: 100%;\"><\/span><\/p>\n<p data-css=\"tve-u-164feacb0b2\"><strong>Mikroblading<\/strong><\/p>\n<p data-css=\"tve-u-15e63262df2\" style=\"text-align: left;\">Mit unserem professionellen Equipment bringen wir deine Augenbraun in die gew\u00fcnschte Form, F\u00fclle und Volumen um deine Augen perfekt in Szene zu setzen.&nbsp;<\/p>\n<p><span class=\"tve_image_frame\" style=\"width: 100%;\"><img loading=\"lazy\" decoding=\"async\" class=\"tve_image wp-image-160\" alt=\"\" title=\"detail-farbe-fashion-925381\" data-id=\"160\" src=\"http:\/\/your-beauty-artist.com\/wp-content\/uploads\/2018\/09\/detail-farbe-fashion-925381-e1537561807338.jpg\" width=\"3700\" height=\"3700\" style=\"width: 100%;\"><\/span><\/p>\n<p data-css=\"tve-u-164feacb0b2\"><strong>Permanent Makeup<\/strong><\/p>\n<p data-css=\"tve-u-15e63262df2\" style=\"text-align: left;\">Mit unserem komfortablem Permanent Makeup geh\u00f6rt l\u00e4stiges Schminken der Vergangenheit an &#8211; Der perfekte Lidstrich oder volle Lippen, bei uns bleiben keine W\u00fcnsche offen.<\/p>\n<p><span class=\"tve_image_frame\" style=\"width: 100%;\"><img loading=\"lazy\" decoding=\"async\" class=\"tve_image wp-image-154\" alt=\"\" title=\"attraktiv-augen-dame-458718\" data-id=\"154\" src=\"http:\/\/your-beauty-artist.com\/wp-content\/uploads\/2018\/09\/attraktiv-augen-dame-458718-e1537563623857.jpg\" width=\"1400\" height=\"1400\" style=\"width: 100%;\"><\/span><\/p>\n<p data-css=\"tve-u-164feacb0b2\"><strong>Plasmapen<\/strong><\/p>\n<p data-css=\"tve-u-15e63262df2\" style=\"text-align: left;\">Ob st\u00f6rende Falten oder kleine Narben &#8211; unser geschultes Personal reduziert diese ganz nach Ihrem Wunsch &#8211; komfortabel und schnell.<\/p>\n<p><span class=\"tve_image_frame\" style=\"width: 100%;\"><img loading=\"lazy\" decoding=\"async\" class=\"tve_image wp-image-173\" alt=\"\" title=\"business-3365360\" data-id=\"173\" src=\"http:\/\/your-beauty-artist.com\/wp-content\/uploads\/2018\/09\/business-3365360-e1537563945908.jpg\" width=\"1432\" height=\"1430\" style=\"width: 100%;\"><\/span><\/p>\n<p data-css=\"tve-u-164feacb0b2\"><strong>Schulungen<\/strong><\/p>\n<p data-css=\"tve-u-15e63262df2\" style=\"text-align: left;\">Lassen Sie sich durch unsere professionelles und qualifiziertes Personal schulen und erhalten Sie ein offizielles Zertifikat und Urkunde.<\/p>\n<h2 style=\"text-align: center;\">Was unsere Kunden&nbsp;<em><span data-css=\"tve-u-164feb0d57b\" style=\"color: rgb(217, 183, 175);\">sagen<\/span><\/em><\/h2>\n<h1 data-css=\"tve-u-15e70ebd60d\"><em>&#8222;<\/em><\/h1>\n<p data-css=\"tve-u-15e70ee3a22\">Vielen Dank Claudia! Ich bin einfach nur begeistert von dem Ergebnis und werde definitiv wieder kommen, um mein Permanent Make-up bei dir auffrischen zu lassen.<\/p>\n<p data-css=\"tve-u-15e636249fd\" style=\"text-align: left;\"><span data-css=\"tve-u-15e636412c4\" style=\"font-family: &quot;Playfair Display&quot;; font-weight: 400;\"><strong><em><span data-css=\"tve-u-15e6365a04c\" style=\"font-size: 20px;\">Jessi &nbsp;<\/span><\/em><\/strong><\/span><\/p>\n<p data-css=\"tve-u-15e636249fd\" style=\"text-align: left;\"><span data-css=\"tve-u-15e636412c4\" style=\"font-family: &quot;Playfair Display&quot;; font-weight: 400;\"><strong><em><span data-css=\"tve-u-15e6365a04c\" style=\"font-size: 20px;\">\u200b<\/span><\/em><\/strong><\/span><span data-css=\"tve-u-15e636412c4\" style=\"font-family: &quot;Playfair Display&quot;; font-weight: 400;\"><strong><em><span data-css=\"tve-u-15e63657082\" style=\"color: rgb(249, 239, 237);\">\/&nbsp;<\/span><\/em><\/strong><\/span><span data-css=\"tve-u-15e63645e4e\" style=\"font-family: Hind; font-weight: 400; font-size: 18px; color: rgb(249, 239, 237);\">Kundin 25 Jahre<\/span><\/p>\n<h1 data-css=\"tve-u-15e70ebd60d\"><em>&#8222;<\/em><\/h1>\n<p data-css=\"tve-u-15e70ee3a22\">Ich war am Anfang skeptisch, ob meine Augenbraun nach dem Mikroblading besser aussehen werden, doch ich wurde vollends \u00fcberzeugt! Vielen Dank f\u00fcr die tolle Arbeit!<\/p>\n<p data-css=\"tve-u-15e636249fd\" style=\"text-align: left;\"><span data-css=\"tve-u-15e636412c4\" style=\"font-family: &quot;Playfair Display&quot;; font-weight: 400;\"><strong><em><span data-css=\"tve-u-15e6365a04c\" style=\"font-size: 20px;\">Sandra<\/span> <\/em><\/strong><\/span><span data-css=\"tve-u-15e636412c4\" style=\"font-family: &quot;Playfair Display&quot;; font-weight: 400;\"><strong><em>\u200b<\/em><\/strong><\/span><span data-css=\"tve-u-15e636412c4\" style=\"font-family: &quot;Playfair Display&quot;; font-weight: 400;\"><strong><em><span data-css=\"tve-u-15e63657082\" style=\"color: rgb(249, 239, 237);\">\/&nbsp;<\/span><\/em><\/strong><\/span><span data-css=\"tve-u-15e63645e4e\" style=\"font-family: Hind; font-weight: 400; font-size: 18px; color: rgb(249, 239, 237);\">Kundin 28 Jahre<\/span><\/p>\n<h1 data-css=\"tve-u-15e70ebd60d\"><em>&#8222;<\/em><\/h1>\n<p data-css=\"tve-u-15e70ee3a22\">\u00dcberw\u00e4ltigendes Ergebnis &#8211; Vielen Dank liebe Claudia, f\u00fcr die tolle und professionelle Beratung. Beginnend mit dem Vorgespr\u00e4ch \u00fcber die Behandlung habe ich mich perfekt betreut gef\u00fchlt!<\/p>\n<p data-css=\"tve-u-15e636249fd\" style=\"text-align: left;\"><span data-css=\"tve-u-15e636412c4\" style=\"font-family: &quot;Playfair Display&quot;; font-weight: 400;\"><strong><em><span data-css=\"tve-u-15e6365a04c\" style=\"font-size: 20px;\">&nbsp;Stefanie<\/span> <\/em><\/strong><\/span><span data-css=\"tve-u-15e636412c4\" style=\"font-family: &quot;Playfair Display&quot;; font-weight: 400;\"><strong><em><span data-css=\"tve-u-15e63657082\" style=\"color: rgb(249, 239, 237);\">\/&nbsp;<\/span><\/em><\/strong><\/span><span data-css=\"tve-u-15e63645e4e\" style=\"font-family: Hind; font-weight: 400; font-size: 18px; color: rgb(249, 239, 237);\">Kundin 45 Jahre<\/span><\/p>\n<h2 style=\"text-align: center;\">Wir sind dort, wo <em><span data-css=\"tve-u-164feb14eb8\" style=\"color: rgb(180, 138, 128);\">Sie&nbsp;<\/span><\/em>sind.<\/h2>\n<p data-css=\"tve-u-15e78279906\" style=\"text-align: center;\"><span data-css=\"tve-u-15e78279972\">Kommen Sie zu uns nach D\u00fcsseldorf und Haren oder vereinbaren Sie einen Termin mit uns wo auch immer Sie in Deutschland wohnen.<\/span><\/p>\n<p><span class=\"tve_image_frame\" style=\"width: 100%;\"><a href=\"https:\/\/www.facebook.com\/Your-Beauty-Artist-119821481976832\/\" rel=\"nofollow\" target=\"_blank\"><img loading=\"lazy\" decoding=\"async\" class=\"tve_image wp-image-178\" alt=\"https:\/\/www.facebook.com\/Your-Beauty-Artist-119821481976832\/\" width=\"1280\" height=\"1280\" title=\"facebook-2429746_1280\" data-id=\"178\" src=\"http:\/\/your-beauty-artist.com\/wp-content\/uploads\/2018\/09\/facebook-2429746_1280.png\" style=\"width: 100%;\"><\/a><\/span><span class=\"tve_image_frame\" style=\"width: 100%;\"><a href=\"https:\/\/www.instagram.com\/your.beauty.artist\/\" target=\"_blank\" rel=\"nofollow\"><img loading=\"lazy\" decoding=\"async\" class=\"tve_image wp-image-179\" alt=\"https:\/\/www.instagram.com\/your.beauty.artist\/\" width=\"1893\" height=\"1920\" title=\"instagram-1675670\" data-id=\"179\" src=\"http:\/\/your-beauty-artist.com\/wp-content\/uploads\/2018\/09\/instagram-1675670.png\" style=\"width: 100%;\"><\/a><\/span><\/p>\n<p data-css=\"tve-u-15e6e39ec57\" style=\"text-align: center;\"><span data-css=\"tve-u-15e6e39ecb1\">\u00a9 YOUR BEAUTY ARTIST. All rights Reserved &nbsp;&nbsp;<\/span><span data-css=\"tve-u-15e641e5c83\">I &nbsp; <\/span><span style=\"color: rgb(173, 173, 173);\" data-css=\"tve-u-16638d28b7b\"><a href=\"http:\/\/your-beauty-artist.com\/startseite\/impressum\" rel=\"nofollow\" target=\"_blank\"><span data-css=\"tve-u-15e641e5c83\">IMPRESSUM<\/span><\/a><\/span><span data-css=\"tve-u-15e641e5c83\"> &nbsp;I &nbsp;<span data-css=\"tve-u-15e6e39ecb5\">&nbsp;<\/span><\/span><span style=\"color: rgb(173, 173, 173);\" data-css=\"tve-u-16638d29cf1\"><a href=\"http:\/\/your-beauty-artist.com\/startseite\/datenschutz\" rel=\"nofollow\" target=\"_blank\"><span data-css=\"tve-u-15e641e5c83\"><span data-css=\"tve-u-15e6e39ecb5\">DATENSCHUTZ<\/span><\/span><\/a><\/span><span data-css=\"tve-u-15e641e5c83\"><span data-css=\"tve-u-15e6e39ecb5\">&nbsp;<\/span><\/span><\/p>\n","protected":false},"excerpt":{"rendered":"<p>Ihre Zeit&nbsp;&nbsp;ist Luxus &#8211; also nutze Sie f\u00fcr Dinge die dich gl\u00fccklich machen Sofort weniger Falten ohne Operation &#8211; Ein Ergebnis das Sie begeistern wird Your&nbsp;Beauty Artist steht f\u00fcr einzigartige Leidenschaft sowie t\u00e4gliche nat\u00fcrliche Sch\u00f6nheit. Eine professionelle Rundum Beratung sind uns genauso wichtig wie die Liebe zum Detail.&nbsp; In der heutigen Zeit, wo Zeit Luxus &hellip; <\/p>\n<p class=\"link-more\"><a href=\"https:\/\/your-beauty-artist.com\/startseite\/\" class=\"more-link\"><span class=\"screen-reader-text\">\u201eStartseite\u201c <\/span>weiterlesen<\/a><\/p>\n","protected":false},"author":1,"featured_media":0,"parent":0,"menu_order":0,"comment_status":"closed","ping_status":"open","template":"","meta":{"footnotes":""},"_links":{"self":[{"href":"https:\/\/your-beauty-artist.com\/startseite\/wp-json\/wp\/v2\/pages\/2"}],"collection":[{"href":"https:\/\/your-beauty-artist.com\/startseite\/wp-json\/wp\/v2\/pages"}],"about":[{"href":"https:\/\/your-beauty-artist.com\/startseite\/wp-json\/wp\/v2\/types\/page"}],"author":[{"embeddable":true,"href":"https:\/\/your-beauty-artist.com\/startseite\/wp-json\/wp\/v2\/users\/1"}],"replies":[{"embeddable":true,"href":"https:\/\/your-beauty-artist.com\/startseite\/wp-json\/wp\/v2\/comments?post=2"}],"version-history":[{"count":8,"href":"https:\/\/your-beauty-artist.com\/startseite\/wp-json\/wp\/v2\/pages\/2\/revisions"}],"predecessor-version":[{"id":78,"href":"https:\/\/your-beauty-artist.com\/startseite\/wp-json\/wp\/v2\/pages\/2\/revisions\/78"}],"wp:attachment":[{"href":"https:\/\/your-beauty-artist.com\/startseite\/wp-json\/wp\/v2\/media?parent=2"}],"curies":[{"name":"wp","href":"https:\/\/api.w.org\/{rel}","templated":true}]}}